{"id":38,"date":"2020-06-05T22:04:39","date_gmt":"2020-06-05T20:04:39","guid":{"rendered":"https:\/\/www.lift-you-up.at\/?page_id=38"},"modified":"2026-02-03T18:30:02","modified_gmt":"2026-02-03T17:30:02","slug":"home","status":"publish","type":"page","link":"https:\/\/www.lift-you-up.at\/","title":{"rendered":"Home"},"content":{"rendered":"\n<div class=\"wp-block-media-text alignwide is-stacked-on-mobile\"><figure class=\"wp-block-media-text__media\"><img loading=\"lazy\" decoding=\"async\" width=\"800\" height=\"552\" src=\"https:\/\/www.lift-you-up.at\/wp-content\/uploads\/2021\/01\/furniture-1840463_1920a_800.png\" alt=\"\" class=\"wp-image-491 size-full\" srcset=\"https:\/\/www.lift-you-up.at\/wp-content\/uploads\/2021\/01\/furniture-1840463_1920a_800.png 800w, https:\/\/www.lift-you-up.at\/wp-content\/uploads\/2021\/01\/furniture-1840463_1920a_800-300x207.png 300w, https:\/\/www.lift-you-up.at\/wp-content\/uploads\/2021\/01\/furniture-1840463_1920a_800-768x530.png 768w\" sizes=\"auto, (max-width: 800px) 100vw, 800px\" \/><\/figure><div class=\"wp-block-media-text__content\">\n<p class=\"has-large-font-size\">Beratung<\/p>\n\n\n\n<p class=\"has-normal-font-size\">Sie suchen Auftrieb in Lebensfragen oder bei beruflichen Entscheidungen?<br>Sie befinden sich in der Krise?<br>Ersch\u00f6pft, \u00fcberfordert, ausgelaugt?<br>Traurig, genervt und gereizt?<br>Sie m\u00f6chten pers\u00f6nlich weiterkommen und Ihre St\u00e4rken nutzen?<br>Ein Erstgespr\u00e4ch hilft oft schon, Kl\u00e4rung in Ihr Anliegen zu bringen.<\/p>\n\n\n\n<p class=\"has-normal-font-size\"><\/p>\n<\/div><\/div>\n\n\n\n<div style=\"height:40px\" aria-hidden=\"true\" class=\"wp-block-spacer\"><\/div>\n\n\n\n<div class=\"wp-block-media-text alignwide has-media-on-the-right is-stacked-on-mobile is-vertically-aligned-center\"><div class=\"wp-block-media-text__content\">\n<p class=\"has-large-font-size\">Supervision<\/p>\n\n\n\n<p class=\"has-normal-font-size\">Burnout-Pr\u00e4vention f\u00fcr ihr Team?<br>Mehr zusammen arbeiten als gegeneinander?<br>Nehmen Sie Team-Supervision oder Einzelsupervision in Anspruch!<br>Als kreative Supervisorin gebe ich Ihnen M\u00f6glichkeiten an die Hand,<br>eine distanzierte und dennoch engagierte Sicht einzunehmen.<br>Und \u2013 Sie werden inmitten Ihres Systems neue Wege gehen.<\/p>\n\n\n\n<p class=\"has-normal-font-size\"><\/p>\n\n\n\n<p class=\"has-normal-font-size\"><\/p>\n<\/div><figure class=\"wp-block-media-text__media\"><img loading=\"lazy\" decoding=\"async\" width=\"769\" height=\"1024\" src=\"https:\/\/www.lift-you-up.at\/wp-content\/uploads\/2021\/01\/Anne_005_a-769x1024.jpg\" alt=\"\" class=\"wp-image-495 size-medium\" srcset=\"https:\/\/www.lift-you-up.at\/wp-content\/uploads\/2021\/01\/Anne_005_a-769x1024.jpg 769w, https:\/\/www.lift-you-up.at\/wp-content\/uploads\/2021\/01\/Anne_005_a-225x300.jpg 225w, https:\/\/www.lift-you-up.at\/wp-content\/uploads\/2021\/01\/Anne_005_a-768x1023.jpg 768w, https:\/\/www.lift-you-up.at\/wp-content\/uploads\/2021\/01\/Anne_005_a-1153x1536.jpg 1153w, https:\/\/www.lift-you-up.at\/wp-content\/uploads\/2021\/01\/Anne_005_a-1538x2048.jpg 1538w, https:\/\/www.lift-you-up.at\/wp-content\/uploads\/2021\/01\/Anne_005_a-scaled.jpg 1922w\" sizes=\"auto, (max-width: 769px) 100vw, 769px\" \/><\/figure><\/div>\n\n\n\n<div style=\"height:40px\" aria-hidden=\"true\" class=\"wp-block-spacer\"><\/div>\n\n\n\n<div class=\"wp-block-media-text alignwide is-stacked-on-mobile\"><figure class=\"wp-block-media-text__media\"><img loading=\"lazy\" decoding=\"async\" width=\"800\" height=\"532\" src=\"https:\/\/www.lift-you-up.at\/wp-content\/uploads\/2021\/01\/cup-of-coffee-1280537_1920_800.png\" alt=\"\" class=\"wp-image-492 size-full\" srcset=\"https:\/\/www.lift-you-up.at\/wp-content\/uploads\/2021\/01\/cup-of-coffee-1280537_1920_800.png 800w, https:\/\/www.lift-you-up.at\/wp-content\/uploads\/2021\/01\/cup-of-coffee-1280537_1920_800-300x200.png 300w, https:\/\/www.lift-you-up.at\/wp-content\/uploads\/2021\/01\/cup-of-coffee-1280537_1920_800-768x511.png 768w\" sizes=\"auto, (max-width: 800px) 100vw, 800px\" \/><\/figure><div class=\"wp-block-media-text__content\">\n<p class=\"has-normal-font-size\">Die Beratung, Behandlung und Supervision findet in den angenehmen R\u00e4umlichkeiten<br>von \u201eDas Paradieschen\u201c statt.<\/p>\n\n\n\n<p class=\"has-normal-font-size\">R\u00f6merstra\u00dfe 204, 4800 Attnang-Puchheim<br><a href=\"https:\/\/www.dasparadieschen.com\/\" target=\"_blank\" rel=\"noreferrer noopener\">https:\/\/www.dasparadieschen.com\/<\/a><\/p>\n\n\n\n<p class=\"has-normal-font-size\">Die Beratung kann auch online oder nach Absprache in Ihren R\u00e4umlichkeiten erfolgen.<br>Bitte kontaktieren Sie mich f\u00fcr ein kostenloses Erstgespr\u00e4ch.<\/p>\n\n\n\n<p class=\"has-normal-font-size\"><strong>Anne Mann, MSc <\/strong><br>Klinische- und Gesundheitspsychologin <br>Arbeitspsychologin <br>Tel.: +43 680 328 5526 <br>E-Mail.: info@lift-you-up.at<\/p>\n<\/div><\/div>\n\n\n\n<p class=\"has-text-align-center has-medium-font-size\">Lift You Up \u2013 heben Sie Ihre Situation auf ein anderes Level \u2013 ich unterst\u00fctze Sie gerne dabei.<\/p>\n\n\n\n<pre class=\"wp-block-preformatted\"><\/pre>\n","protected":false},"excerpt":{"rendered":"<p>Beratung Sie suchen Auftrieb in Lebensfragen oder bei beruflichen Entscheidungen?Sie befinden sich in der Krise?Ersch\u00f6pft, \u00fcberfordert, ausgelaugt?Traurig, genervt und gereizt?Sie m\u00f6chten pers\u00f6nlich weiterkommen und Ihre St\u00e4rken nutzen?Ein Erstgespr\u00e4ch hilft oft&hellip;<\/p>\n","protected":false},"author":1,"featured_media":0,"parent":0,"menu_order":0,"comment_status":"closed","ping_status":"closed","template":"","meta":{"footnotes":""},"class_list":["post-38","page","type-page","status-publish","hentry"],"_links":{"self":[{"href":"https:\/\/www.lift-you-up.at\/index.php\/wp-json\/wp\/v2\/pages\/38","targetHints":{"allow":["GET"]}}],"collection":[{"href":"https:\/\/www.lift-you-up.at\/index.php\/wp-json\/wp\/v2\/pages"}],"about":[{"href":"https:\/\/www.lift-you-up.at\/index.php\/wp-json\/wp\/v2\/types\/page"}],"author":[{"embeddable":true,"href":"https:\/\/www.lift-you-up.at\/index.php\/wp-json\/wp\/v2\/users\/1"}],"replies":[{"embeddable":true,"href":"https:\/\/www.lift-you-up.at\/index.php\/wp-json\/wp\/v2\/comments?post=38"}],"version-history":[{"count":30,"href":"https:\/\/www.lift-you-up.at\/index.php\/wp-json\/wp\/v2\/pages\/38\/revisions"}],"predecessor-version":[{"id":524,"href":"https:\/\/www.lift-you-up.at\/index.php\/wp-json\/wp\/v2\/pages\/38\/revisions\/524"}],"wp:attachment":[{"href":"https:\/\/www.lift-you-up.at\/index.php\/wp-json\/wp\/v2\/media?parent=38"}],"curies":[{"name":"wp","href":"https:\/\/api.w.org\/{rel}","templated":true}]}}