{"id":427,"date":"2020-12-30T21:23:49","date_gmt":"2020-12-30T20:23:49","guid":{"rendered":"https:\/\/www.lift-you-up.at\/?page_id=427"},"modified":"2026-02-03T18:19:20","modified_gmt":"2026-02-03T17:19:20","slug":"supervision","status":"publish","type":"page","link":"https:\/\/www.lift-you-up.at\/index.php\/supervision\/","title":{"rendered":"Supervision"},"content":{"rendered":"\n<div class=\"wp-block-media-text alignwide is-stacked-on-mobile\"><figure class=\"wp-block-media-text__media\"><img loading=\"lazy\" decoding=\"async\" width=\"800\" height=\"533\" src=\"https:\/\/www.lift-you-up.at\/wp-content\/uploads\/2021\/01\/books-1245690_1920_800.png\" alt=\"\" class=\"wp-image-489 size-full\" srcset=\"https:\/\/www.lift-you-up.at\/wp-content\/uploads\/2021\/01\/books-1245690_1920_800.png 800w, https:\/\/www.lift-you-up.at\/wp-content\/uploads\/2021\/01\/books-1245690_1920_800-300x200.png 300w, https:\/\/www.lift-you-up.at\/wp-content\/uploads\/2021\/01\/books-1245690_1920_800-768x512.png 768w\" sizes=\"auto, (max-width: 800px) 100vw, 800px\" \/><\/figure><div class=\"wp-block-media-text__content\">\n<p class=\"has-large-font-size\">Supervision &amp; Teamentwicklung<\/p>\n\n\n\n<p class=\"has-normal-font-size\">Verschiedene Ansichten?<br>Mit Ihrem Team in einem gesch\u00fctzten Rahmen berufsbezogene Fragen und Problemkonstellationen reflektieren?<br>Gerne biete ich Ihnen die M\u00f6glichkeiten einer kreativen Au\u00dfenperspektive.<br>In den meisten F\u00e4llen wird es sinnvoll sein, die Supervision in Ihren R\u00e4umlichkeiten stattfinden zu lassen. Nat\u00fcrlich ist es mir aber auch m\u00f6glich, der Einfachheit halber eine Online-Session im virtuellen Konferenzraum zu organisieren.<br><\/p>\n\n\n\n<p class=\"has-normal-font-size\"><\/p>\n<\/div><\/div>\n\n\n\n<p class=\"has-normal-font-size\">Ich biete Supervision f\u00fcr folgende Zielgruppen an.<br>Kontaktieren Sie mich gerne f\u00fcr weitere Informationen.<br><\/p>\n\n\n\n<ul class=\"wp-block-list\">\n<li>Supervision und Selbsterfahrung f\u00fcr klinische PsychologInnen in Ausbildung<\/li>\n\n\n\n<li>Klinisch-psychologische Supervision f\u00fcr Berufsgruppen im Gesundheitsbereich (Erzieherinnen, PsychologInnen, Psychotherapeuten SozialarbeiterInnen, Pflegepersonal)<\/li>\n\n\n\n<li>Teamsupervision<\/li>\n\n\n\n<li>Einzelsupervision z.B. f\u00fcr F\u00fchrungskr\u00e4fte<\/li>\n<\/ul>\n\n\n\n<p class=\"has-normal-font-size\"><strong>Kosten: Preis auf Anfrage<\/strong><\/p>\n\n\n\n<p class=\"has-normal-font-size\"><\/p>\n\n\n\n<p><\/p>\n","protected":false},"excerpt":{"rendered":"<p>Supervision &amp; Teamentwicklung Verschiedene Ansichten?Mit Ihrem Team in einem gesch\u00fctzten Rahmen berufsbezogene Fragen und Problemkonstellationen reflektieren?Gerne biete ich Ihnen die M\u00f6glichkeiten einer kreativen Au\u00dfenperspektive.In den meisten F\u00e4llen wird es sinnvoll&hellip;<\/p>\n","protected":false},"author":1,"featured_media":0,"parent":0,"menu_order":0,"comment_status":"closed","ping_status":"closed","template":"","meta":{"footnotes":""},"class_list":["post-427","page","type-page","status-publish","hentry"],"_links":{"self":[{"href":"https:\/\/www.lift-you-up.at\/index.php\/wp-json\/wp\/v2\/pages\/427","targetHints":{"allow":["GET"]}}],"collection":[{"href":"https:\/\/www.lift-you-up.at\/index.php\/wp-json\/wp\/v2\/pages"}],"about":[{"href":"https:\/\/www.lift-you-up.at\/index.php\/wp-json\/wp\/v2\/types\/page"}],"author":[{"embeddable":true,"href":"https:\/\/www.lift-you-up.at\/index.php\/wp-json\/wp\/v2\/users\/1"}],"replies":[{"embeddable":true,"href":"https:\/\/www.lift-you-up.at\/index.php\/wp-json\/wp\/v2\/comments?post=427"}],"version-history":[{"count":16,"href":"https:\/\/www.lift-you-up.at\/index.php\/wp-json\/wp\/v2\/pages\/427\/revisions"}],"predecessor-version":[{"id":520,"href":"https:\/\/www.lift-you-up.at\/index.php\/wp-json\/wp\/v2\/pages\/427\/revisions\/520"}],"wp:attachment":[{"href":"https:\/\/www.lift-you-up.at\/index.php\/wp-json\/wp\/v2\/media?parent=427"}],"curies":[{"name":"wp","href":"https:\/\/api.w.org\/{rel}","templated":true}]}}