{"id":525,"date":"2026-02-03T19:03:52","date_gmt":"2026-02-03T18:03:52","guid":{"rendered":"https:\/\/www.lift-you-up.at\/?page_id=525"},"modified":"2026-02-03T19:13:00","modified_gmt":"2026-02-03T18:13:00","slug":"vortraege-und-workshops","status":"publish","type":"page","link":"https:\/\/www.lift-you-up.at\/index.php\/vortraege-und-workshops\/","title":{"rendered":"Vortr\u00e4ge und Workshops"},"content":{"rendered":"\n<div class=\"wp-block-media-text is-stacked-on-mobile is-vertically-aligned-top\"><figure class=\"wp-block-media-text__media\"><img loading=\"lazy\" decoding=\"async\" width=\"771\" height=\"1024\" src=\"https:\/\/www.lift-you-up.at\/wp-content\/uploads\/2026\/02\/IMG_20251006_190231-771x1024.jpg\" alt=\"\" class=\"wp-image-527 size-full\" srcset=\"https:\/\/www.lift-you-up.at\/wp-content\/uploads\/2026\/02\/IMG_20251006_190231-771x1024.jpg 771w, https:\/\/www.lift-you-up.at\/wp-content\/uploads\/2026\/02\/IMG_20251006_190231-226x300.jpg 226w, https:\/\/www.lift-you-up.at\/wp-content\/uploads\/2026\/02\/IMG_20251006_190231-768x1020.jpg 768w, https:\/\/www.lift-you-up.at\/wp-content\/uploads\/2026\/02\/IMG_20251006_190231-1157x1536.jpg 1157w, https:\/\/www.lift-you-up.at\/wp-content\/uploads\/2026\/02\/IMG_20251006_190231-1542x2048.jpg 1542w, https:\/\/www.lift-you-up.at\/wp-content\/uploads\/2026\/02\/IMG_20251006_190231-scaled.jpg 1928w\" sizes=\"auto, (max-width: 771px) 100vw, 771px\" \/><\/figure><div class=\"wp-block-media-text__content\">\n<p class=\"has-large-font-size\">Vortr\u00e4ge und Workshops<\/p>\n\n\n\n<p>Gerne werde ich gebucht f\u00fcr einen Keynote-Vortrag oder einen aktiven Workshop zum Thema<\/p>\n\n\n\n<p>\u201eStressfrei durch den Alltag\u201c<br>\u201eWie vermeide ich Burnout\u201c<br>\u201eMein K\u00f6rper stresst mich: Psychosomatische Beschwerden und Burnout\u201c<br>\u201eSchlaf gut \u2013 Schlafst\u00f6rungen und Entspannung\u201c<br>\u201eAchtsamkeit und Waldbaden\u201c<br>\u201eLanges und gesundes Leben \u2013 welche Lebensweise kann helfen?\u201c<br>\u201eKintsugi \u2013 mit inneren Br\u00fcchen wertvoller leben\u201c<br>\u201eIkigai. Gl\u00fccksforschung und pers\u00f6nliches Gl\u00fcck\u201c<br>\u201eEnneagramm \u2013 ein Pers\u00f6nlichkeitsmodell erobert die Gesch\u00e4ftswelt\u201c<\/p>\n\n\n\n<p>uvm \u2013 gerne \u201ebastel\u201c ich auch einen passgenauen Keynote-Vortrag zu Ihrem Anlass.<\/p>\n\n\n\n<p><strong>Die Preise erfahren Sie auf Anfrage per E-mail.<\/strong><br><strong>info@lift-you-up.at<\/strong><\/p>\n<\/div><\/div>\n\n\n\n<p><\/p>\n","protected":false},"excerpt":{"rendered":"<p>Vortr\u00e4ge und Workshops Gerne werde ich gebucht f\u00fcr einen Keynote-Vortrag oder einen aktiven Workshop zum Thema \u201eStressfrei durch den Alltag\u201c\u201eWie vermeide ich Burnout\u201c\u201eMein K\u00f6rper stresst mich: Psychosomatische Beschwerden und Burnout\u201c\u201eSchlaf&hellip;<\/p>\n","protected":false},"author":1,"featured_media":0,"parent":0,"menu_order":0,"comment_status":"closed","ping_status":"closed","template":"","meta":{"footnotes":""},"class_list":["post-525","page","type-page","status-publish","hentry"],"_links":{"self":[{"href":"https:\/\/www.lift-you-up.at\/index.php\/wp-json\/wp\/v2\/pages\/525","targetHints":{"allow":["GET"]}}],"collection":[{"href":"https:\/\/www.lift-you-up.at\/index.php\/wp-json\/wp\/v2\/pages"}],"about":[{"href":"https:\/\/www.lift-you-up.at\/index.php\/wp-json\/wp\/v2\/types\/page"}],"author":[{"embeddable":true,"href":"https:\/\/www.lift-you-up.at\/index.php\/wp-json\/wp\/v2\/users\/1"}],"replies":[{"embeddable":true,"href":"https:\/\/www.lift-you-up.at\/index.php\/wp-json\/wp\/v2\/comments?post=525"}],"version-history":[{"count":4,"href":"https:\/\/www.lift-you-up.at\/index.php\/wp-json\/wp\/v2\/pages\/525\/revisions"}],"predecessor-version":[{"id":532,"href":"https:\/\/www.lift-you-up.at\/index.php\/wp-json\/wp\/v2\/pages\/525\/revisions\/532"}],"wp:attachment":[{"href":"https:\/\/www.lift-you-up.at\/index.php\/wp-json\/wp\/v2\/media?parent=525"}],"curies":[{"name":"wp","href":"https:\/\/api.w.org\/{rel}","templated":true}]}}