{"id":535,"date":"2026-03-05T17:59:19","date_gmt":"2026-03-05T16:59:19","guid":{"rendered":"https:\/\/www.lift-you-up.at\/?page_id=535"},"modified":"2026-03-05T18:34:33","modified_gmt":"2026-03-05T17:34:33","slug":"aktuelles","status":"publish","type":"page","link":"https:\/\/www.lift-you-up.at\/index.php\/aktuelles\/","title":{"rendered":"Aktuelles"},"content":{"rendered":"\n<p class=\"has-large-font-size\"><strong>Termine und Angebote<\/strong><\/p>\n\n\n\n<div class=\"wp-block-media-text has-media-on-the-right is-stacked-on-mobile\" style=\"grid-template-columns:auto 43%\"><div class=\"wp-block-media-text__content\">\n<p id=\"viewer-ynplx1215\">Bist du genussreif und bereit f\u00fcr gute Gespr\u00e4che zu gewinnbringenden Lebensthemen?<\/p>\n\n\n\n<p id=\"viewer-ctpn2540\">Die Idee zu den La Dolce Vita Abenden schlummerte schon einige Jahre in mir. Ich bin leidenschaftliche Italien-Liebhaberin und Gesundheitspsychologin mit Herz. Es ist mir eine  Freude DICH\/SIE an diesen Abenden mit ein paar ihrer mediterranen, nat\u00fcrlich vegetarisch \u2013 regionalen Gerichten zu verw\u00f6hnen und \u00fcber gewinnbringende Themen ins Gespr\u00e4ch zu kommen. Dazu gibt es jeweils einen knappen und netten Input aus dem wirksamen Themenbereich der Positiven Psychologie.<\/p>\n\n\n\n<p id=\"viewer-xprmb543\">Nette Menschen treffen, Freunde mitnehmen, das Cafe\u00b4 und die Gastfreundschaft vom Paradieschen genie\u00dfen und dazu noch Deinen inneren Fokus st\u00e4rken?<\/p>\n<\/div><figure class=\"wp-block-media-text__media\"><img loading=\"lazy\" decoding=\"async\" width=\"724\" height=\"1024\" src=\"https:\/\/www.lift-you-up.at\/wp-content\/uploads\/2026\/03\/Screenshot-2026-03-05-181613-724x1024.png\" alt=\"\" class=\"wp-image-545 size-full\" srcset=\"https:\/\/www.lift-you-up.at\/wp-content\/uploads\/2026\/03\/Screenshot-2026-03-05-181613-724x1024.png 724w, https:\/\/www.lift-you-up.at\/wp-content\/uploads\/2026\/03\/Screenshot-2026-03-05-181613-212x300.png 212w, https:\/\/www.lift-you-up.at\/wp-content\/uploads\/2026\/03\/Screenshot-2026-03-05-181613.png 759w\" sizes=\"auto, (max-width: 724px) 100vw, 724px\" \/><\/figure><\/div>\n\n\n\n<hr class=\"wp-block-separator has-alpha-channel-opacity is-style-wide\"\/>\n\n\n\n<div class=\"wp-block-media-text is-stacked-on-mobile\"><figure class=\"wp-block-media-text__media\"><img loading=\"lazy\" decoding=\"async\" width=\"725\" height=\"1024\" src=\"https:\/\/www.lift-you-up.at\/wp-content\/uploads\/2026\/03\/Screenshot-2026-03-05-181437-725x1024.png\" alt=\"\" class=\"wp-image-544 size-full\" srcset=\"https:\/\/www.lift-you-up.at\/wp-content\/uploads\/2026\/03\/Screenshot-2026-03-05-181437-725x1024.png 725w, https:\/\/www.lift-you-up.at\/wp-content\/uploads\/2026\/03\/Screenshot-2026-03-05-181437-212x300.png 212w, https:\/\/www.lift-you-up.at\/wp-content\/uploads\/2026\/03\/Screenshot-2026-03-05-181437.png 763w\" sizes=\"auto, (max-width: 725px) 100vw, 725px\" \/><\/figure><div class=\"wp-block-media-text__content\">\n<p>Von <strong>18:30 Uhr bis 20:30 <\/strong>l\u00e4sst du Deine Seele baumeln, l\u00e4sst dich mit ein wenig italienischen Vibes verw\u00f6hnen und lernst ganz nebenbei noch Neues aus der Forschung und aus den Erfahrungen der anderen Teilnehmer.&nbsp;<\/p>\n\n\n\n<p>Gem\u00fctlich.Inspirierend.Ermutigend.Italienisch-fr\u00f6hlich.<\/p>\n<\/div><\/div>\n","protected":false},"excerpt":{"rendered":"<p>Termine und Angebote Bist du genussreif und bereit f\u00fcr gute Gespr\u00e4che zu gewinnbringenden Lebensthemen? Die Idee zu den La Dolce Vita Abenden schlummerte schon einige Jahre in mir. Ich bin&hellip;<\/p>\n","protected":false},"author":1,"featured_media":0,"parent":0,"menu_order":0,"comment_status":"closed","ping_status":"closed","template":"","meta":{"footnotes":""},"class_list":["post-535","page","type-page","status-publish","hentry"],"_links":{"self":[{"href":"https:\/\/www.lift-you-up.at\/index.php\/wp-json\/wp\/v2\/pages\/535","targetHints":{"allow":["GET"]}}],"collection":[{"href":"https:\/\/www.lift-you-up.at\/index.php\/wp-json\/wp\/v2\/pages"}],"about":[{"href":"https:\/\/www.lift-you-up.at\/index.php\/wp-json\/wp\/v2\/types\/page"}],"author":[{"embeddable":true,"href":"https:\/\/www.lift-you-up.at\/index.php\/wp-json\/wp\/v2\/users\/1"}],"replies":[{"embeddable":true,"href":"https:\/\/www.lift-you-up.at\/index.php\/wp-json\/wp\/v2\/comments?post=535"}],"version-history":[{"count":7,"href":"https:\/\/www.lift-you-up.at\/index.php\/wp-json\/wp\/v2\/pages\/535\/revisions"}],"predecessor-version":[{"id":552,"href":"https:\/\/www.lift-you-up.at\/index.php\/wp-json\/wp\/v2\/pages\/535\/revisions\/552"}],"wp:attachment":[{"href":"https:\/\/www.lift-you-up.at\/index.php\/wp-json\/wp\/v2\/media?parent=535"}],"curies":[{"name":"wp","href":"https:\/\/api.w.org\/{rel}","templated":true}]}}