{"id":62,"date":"2020-09-27T20:08:39","date_gmt":"2020-09-27T18:08:39","guid":{"rendered":"https:\/\/www.lift-you-up.at\/?page_id=62"},"modified":"2026-03-02T15:24:55","modified_gmt":"2026-03-02T14:24:55","slug":"ueber-mich","status":"publish","type":"page","link":"https:\/\/www.lift-you-up.at\/index.php\/ueber-mich\/","title":{"rendered":"\u00dcber mich"},"content":{"rendered":"\n<p class=\"has-large-font-size\"><strong>Gerne stelle ich mich Ihnen vor:<\/strong><\/p>\n\n\n\n<div class=\"wp-block-media-text alignwide is-stacked-on-mobile\"><figure class=\"wp-block-media-text__media\"><img loading=\"lazy\" decoding=\"async\" width=\"731\" height=\"1024\" src=\"https:\/\/www.lift-you-up.at\/wp-content\/uploads\/2021\/01\/Anne_016-HP-731x1024.jpg\" alt=\"\" class=\"wp-image-496 size-full\" srcset=\"https:\/\/www.lift-you-up.at\/wp-content\/uploads\/2021\/01\/Anne_016-HP-731x1024.jpg 731w, https:\/\/www.lift-you-up.at\/wp-content\/uploads\/2021\/01\/Anne_016-HP-214x300.jpg 214w, https:\/\/www.lift-you-up.at\/wp-content\/uploads\/2021\/01\/Anne_016-HP-768x1076.jpg 768w, https:\/\/www.lift-you-up.at\/wp-content\/uploads\/2021\/01\/Anne_016-HP-1096x1536.jpg 1096w, https:\/\/www.lift-you-up.at\/wp-content\/uploads\/2021\/01\/Anne_016-HP-1461x2048.jpg 1461w, https:\/\/www.lift-you-up.at\/wp-content\/uploads\/2021\/01\/Anne_016-HP.jpg 1500w\" sizes=\"auto, (max-width: 731px) 100vw, 731px\" \/><\/figure><div class=\"wp-block-media-text__content\">\n<p class=\"has-normal-font-size\">Ich bin Anne Mann, MSc<\/p>\n\n\n\n<p class=\"has-normal-font-size\">Seit 15 Jahren arbeite ich als Klinische Psychologin, Gesundheitspsychologin, Arbeitspsychologin und Systemische Beraterin. Geboren bin ich in Deutschland und Psychologie habe ich in Heidelberg am Neckar studiert. Ich bin gl\u00fccklich verheiratet und habe drei Kinder. Die Ausbildung in systemischer Familientherapie und Beratung formten meine professionelle Haltung.<\/p>\n\n\n\n<p class=\"has-normal-font-size\">Psychosomatik und Burnout &#8211; Prophylaxe sind meine Hauptt\u00e4tigkeitsfelder.<br>Meine Einzelberatungen finden in den sch\u00f6nen R\u00e4umen von \u201eDas Paradieschen statt.<br>Workshops zu Selbstf\u00fcrsorge, Seminare zu einem gesunden Lebensstil, Gl\u00fcck, Langlebigkeit sowie Vortr\u00e4ge zum Thema Schlaf, Stressmanagement, Burnout, Waldbaden, Kintsugi, Ikgai und weiteren Praktiken der Entspannung und inneren Entlastung k\u00f6nnen jederzeit gebucht werden.<\/p>\n\n\n\n<p class=\"has-normal-font-size\">Wenn ich mich beschreiben sollte, dann w\u00fcrde ich sagen: Ich denke mit dem Bauch, f\u00fchle mit dem Kopf und spreche mit dem Herzen. Was soll das hei\u00dfen? Ich h\u00f6re zu und denke mit. Ich lasse mich empathisch auf Sie und ihre Geschichte ein. Ich erm\u00f6gliche einen Raum zum einfach da Sein. Und ich bin aktiv-kreativ dabei, mit Ihnen zusammen gangbare Wege f\u00fcr Sie und ihre Situation zu finden.<br><br><\/p>\n<\/div><\/div>\n\n\n\n<p class=\"has-normal-font-size\">Authentisch, vielseitig und l\u00f6sungsorientiert.<\/p>\n\n\n\n<p class=\"has-normal-font-size\">Machen Sie sich eine eigene Vorstellung von mir und meiner Arbeit und vereinbaren Sie ein unverbindliches Erstgespr\u00e4ch.<\/p>\n\n\n\n<p><\/p>\n","protected":false},"excerpt":{"rendered":"<p>Gerne stelle ich mich Ihnen vor: Ich bin Anne Mann, MSc Seit 15 Jahren arbeite ich als Klinische Psychologin, Gesundheitspsychologin, Arbeitspsychologin und Systemische Beraterin. Geboren bin ich in Deutschland und&hellip;<\/p>\n","protected":false},"author":1,"featured_media":0,"parent":0,"menu_order":0,"comment_status":"closed","ping_status":"closed","template":"","meta":{"footnotes":""},"class_list":["post-62","page","type-page","status-publish","hentry"],"_links":{"self":[{"href":"https:\/\/www.lift-you-up.at\/index.php\/wp-json\/wp\/v2\/pages\/62","targetHints":{"allow":["GET"]}}],"collection":[{"href":"https:\/\/www.lift-you-up.at\/index.php\/wp-json\/wp\/v2\/pages"}],"about":[{"href":"https:\/\/www.lift-you-up.at\/index.php\/wp-json\/wp\/v2\/types\/page"}],"author":[{"embeddable":true,"href":"https:\/\/www.lift-you-up.at\/index.php\/wp-json\/wp\/v2\/users\/1"}],"replies":[{"embeddable":true,"href":"https:\/\/www.lift-you-up.at\/index.php\/wp-json\/wp\/v2\/comments?post=62"}],"version-history":[{"count":16,"href":"https:\/\/www.lift-you-up.at\/index.php\/wp-json\/wp\/v2\/pages\/62\/revisions"}],"predecessor-version":[{"id":534,"href":"https:\/\/www.lift-you-up.at\/index.php\/wp-json\/wp\/v2\/pages\/62\/revisions\/534"}],"wp:attachment":[{"href":"https:\/\/www.lift-you-up.at\/index.php\/wp-json\/wp\/v2\/media?parent=62"}],"curies":[{"name":"wp","href":"https:\/\/api.w.org\/{rel}","templated":true}]}}