{"id":70,"date":"2020-09-27T20:15:43","date_gmt":"2020-09-27T18:15:43","guid":{"rendered":"https:\/\/www.lift-you-up.at\/?page_id=70"},"modified":"2026-02-03T18:25:49","modified_gmt":"2026-02-03T17:25:49","slug":"psychologische-beratung","status":"publish","type":"page","link":"https:\/\/www.lift-you-up.at\/index.php\/psychologische-beratung\/","title":{"rendered":"Beratung"},"content":{"rendered":"\n<div class=\"wp-block-media-text alignwide is-stacked-on-mobile\"><figure class=\"wp-block-media-text__media\"><img loading=\"lazy\" decoding=\"async\" width=\"800\" height=\"537\" src=\"https:\/\/www.lift-you-up.at\/wp-content\/uploads\/2021\/01\/beach-832346_800.png\" alt=\"\" class=\"wp-image-484 size-full\" srcset=\"https:\/\/www.lift-you-up.at\/wp-content\/uploads\/2021\/01\/beach-832346_800.png 800w, https:\/\/www.lift-you-up.at\/wp-content\/uploads\/2021\/01\/beach-832346_800-300x201.png 300w, https:\/\/www.lift-you-up.at\/wp-content\/uploads\/2021\/01\/beach-832346_800-768x516.png 768w\" sizes=\"auto, (max-width: 800px) 100vw, 800px\" \/><\/figure><div class=\"wp-block-media-text__content\">\n<p class=\"has-large-font-size\">Psychologische Beratung<\/p>\n\n\n\n<p class=\"has-normal-font-size\">Es gibt vielf\u00e4ltige Gr\u00fcnde, um f\u00fcr Lebensthemen eine andere Perspektive anzufordern, einen freundlichen Impulsgeber zu suchen, oder einen Menschen, der neue Fragen stellt.<br>Meine Vorgehensweise ist dabei offen und transparent.<br>F\u00fcr die Beratung in Ihren Angelegenheiten werden je nach Themenlage verschiedene Aspekte klinisch-psychologischer Diagnostik, Beratung und Behandlung sowie systemische Methoden zur Anwendung kommen.<br>Dabei bestimmen Sie den Weg mit, den Sie gehen m\u00f6chten. Die Wahrung der Verschwiegenheit versteht sich dabei von selbst.<\/p>\n\n\n\n<p class=\"has-normal-font-size\">Falls ihre Angelegenheiten fachlich relevanten Krankheitswert beinhalten, informiere ich Sie dar\u00fcber und bespreche mit Ihnen n\u00e4chste notwendige Schritte.<\/p>\n\n\n\n<p class=\"has-normal-font-size\"><\/p>\n\n\n\n<p class=\"has-normal-font-size\"><\/p>\n\n\n\n<p class=\"has-normal-font-size\"><\/p>\n<\/div><\/div>\n\n\n\n<p class=\"has-normal-font-size\"><strong><span class=\"has-inline-color has-luminous-vivid-amber-color\">Ablauf<\/span><\/strong><br>Das telefonische Erstgespr\u00e4ch ist kostenlos. Hier werden alle offenen Fragen ihrerseits und meinerseits gekl\u00e4rt. Mit der Terminvereinbarung kann die Beratung dann losgehen.<\/p>\n\n\n\n<p class=\"has-normal-font-size\"><strong><span class=\"has-inline-color has-luminous-vivid-amber-color\">Wann und wo<\/span><\/strong><br>Die Beratung und Behandlungen, Einzelsupervisionen finden in den sch\u00f6nen R\u00e4umen von \u201eDas Paradieschen\u201c statt.<br>R\u00f6merstra\u00dfe 204<\/p>\n\n\n\n<p class=\"has-normal-font-size\">Die Wegbeschreibung findet sich auf der Hompage: <a href=\"https:\/\/www.dasparadieschen.com\/\" target=\"_blank\" rel=\"noreferrer noopener\">https:\/\/www.dasparadieschen.com<\/a><\/p>\n\n\n\n<p class=\"has-normal-font-size\"><strong><span class=\"has-inline-color has-luminous-vivid-amber-color\">In-House-Beratung<\/span><\/strong><br>F\u00fcr Team-Supervisionen eignet sich oft ein Konferenzraum in ihren eigenen R\u00e4umlichkeiten, kann aber f\u00fcr Seminare und Workshops auch von mir organisiert werden.<\/p>\n\n\n\n<p class=\"has-normal-font-size\"><span class=\"has-inline-color has-luminous-vivid-amber-color\"><strong>Online-Beratung<\/strong><\/span><br>Bitte sorgen Sie f\u00fcr eine ungest\u00f6rte Zeit an einem gesch\u00fctzten Ort mit sicherer Internetverbindung. Bei diesem Format sende ich Ihnen einen Link zu, welcher Sie direkt in den Online-Raum leitet.<\/p>\n\n\n\n<div style=\"height:40px\" aria-hidden=\"true\" class=\"wp-block-spacer\"><\/div>\n\n\n\n<p><strong>Schwerpunkte.<\/strong><\/p>\n\n\n\n<p class=\"has-normal-font-size\">Zu ihrer Orientierung ist hier eine Auflistung der Themen, mit denen Sie zu mir kommen k\u00f6nnen. Manchmal erweitert sich ein Thema von selbst oder es kommen neue Bereiche dazu:<\/p>\n\n\n\n<ul class=\"wp-block-list\">\n<li>Krisenmanagement: Umgang mit belastenden Lebensereignissen<\/li>\n\n\n\n<li>Burnout, Anzeichen erkennen und Verschlechterung vermeiden, Umdenken, neu ausrichten<\/li>\n\n\n\n<li>Psychosomatik: Zusammenhang zwischen k\u00f6rperlichen Geschehen und Psyche<\/li>\n\n\n\n<li>Berufsberatung: welcher Beruf passt zu mir und welche Wege soll ich gehen?<\/li>\n\n\n\n<li>Orientierungsfragen: ich stehe vor einer Lebensentscheidung, was soll ich tun?<\/li>\n\n\n\n<li>Job-Problematik: Probleme im Beruf, mit Kollegen, mit dem Chef, was ist m\u00f6glich?<\/li>\n\n\n\n<li>Elternberatung: Selbst- und Familienmanagement, Umgang mit einem chronisch erkrankten Kind, psychologische Aspekte<\/li>\n\n\n\n<li>Familienberatung, Paarberatung<\/li>\n\n\n\n<li>Psychische Krisen: Klinisch-psychologische Einsch\u00e4tzung n\u00e4chster Schritte<\/li>\n\n\n\n<li>und weiteres..<\/li>\n<\/ul>\n\n\n\n<div style=\"height:40px\" aria-hidden=\"true\" class=\"wp-block-spacer\"><\/div>\n\n\n\n<p class=\"has-normal-font-size\"><strong>Kosten.<\/strong><\/p>\n\n\n\n<p class=\"has-normal-font-size\">Derzeit Selbstzahler:<\/p>\n\n\n\n<p class=\"has-normal-font-size\">90 Euro\/Stunde Beratung<\/p>\n\n\n\n<p class=\"has-normal-font-size\"><\/p>\n\n\n\n<p><\/p>\n","protected":false},"excerpt":{"rendered":"<p>Psychologische Beratung Es gibt vielf\u00e4ltige Gr\u00fcnde, um f\u00fcr Lebensthemen eine andere Perspektive anzufordern, einen freundlichen Impulsgeber zu suchen, oder einen Menschen, der neue Fragen stellt.Meine Vorgehensweise ist dabei offen und&hellip;<\/p>\n","protected":false},"author":1,"featured_media":0,"parent":0,"menu_order":0,"comment_status":"closed","ping_status":"closed","template":"","meta":{"footnotes":""},"class_list":["post-70","page","type-page","status-publish","hentry"],"_links":{"self":[{"href":"https:\/\/www.lift-you-up.at\/index.php\/wp-json\/wp\/v2\/pages\/70","targetHints":{"allow":["GET"]}}],"collection":[{"href":"https:\/\/www.lift-you-up.at\/index.php\/wp-json\/wp\/v2\/pages"}],"about":[{"href":"https:\/\/www.lift-you-up.at\/index.php\/wp-json\/wp\/v2\/types\/page"}],"author":[{"embeddable":true,"href":"https:\/\/www.lift-you-up.at\/index.php\/wp-json\/wp\/v2\/users\/1"}],"replies":[{"embeddable":true,"href":"https:\/\/www.lift-you-up.at\/index.php\/wp-json\/wp\/v2\/comments?post=70"}],"version-history":[{"count":16,"href":"https:\/\/www.lift-you-up.at\/index.php\/wp-json\/wp\/v2\/pages\/70\/revisions"}],"predecessor-version":[{"id":522,"href":"https:\/\/www.lift-you-up.at\/index.php\/wp-json\/wp\/v2\/pages\/70\/revisions\/522"}],"wp:attachment":[{"href":"https:\/\/www.lift-you-up.at\/index.php\/wp-json\/wp\/v2\/media?parent=70"}],"curies":[{"name":"wp","href":"https:\/\/api.w.org\/{rel}","templated":true}]}}